{"id":286,"date":"2025-03-08T15:02:18","date_gmt":"2025-03-08T15:02:18","guid":{"rendered":"https:\/\/pediascop.com\/mainpage\/?page_id=286"},"modified":"2025-07-08T23:21:39","modified_gmt":"2025-07-08T20:21:39","slug":"haberler","status":"publish","type":"page","link":"https:\/\/pediascop.com\/mainpage\/haberler\/","title":{"rendered":"Haberler"},"content":{"rendered":"\t\t<div data-elementor-type=\"wp-page\" data-elementor-id=\"286\" class=\"elementor elementor-286\" data-elementor-post-type=\"page\">\n\t\t\t\t<div class=\"elementor-element elementor-element-743dee88 e-flex e-con-boxed e-con e-parent\" data-id=\"743dee88\" data-element_type=\"container\" data-e-type=\"container\">\n\t\t\t\t\t<div class=\"e-con-inner\">\n\t\t\t\t<div class=\"elementor-element elementor-element-0c4ab17 elementor-grid-3 elementor-grid-tablet-2 elementor-grid-mobile-1 elementor-posts--thumbnail-top elementor-posts--show-avatar elementor-card-shadow-yes elementor-posts__hover-gradient elementor-widget elementor-widget-posts\" data-id=\"0c4ab17\" data-element_type=\"widget\" data-e-type=\"widget\" data-settings=\"{&quot;cards_masonry&quot;:&quot;yes&quot;,&quot;cards_columns&quot;:&quot;3&quot;,&quot;cards_columns_tablet&quot;:&quot;2&quot;,&quot;cards_columns_mobile&quot;:&quot;1&quot;,&quot;cards_row_gap&quot;:{&quot;unit&quot;:&quot;px&quot;,&quot;size&quot;:35,&quot;sizes&quot;:[]},&quot;cards_row_gap_tablet&quot;:{&quot;unit&quot;:&quot;px&quot;,&quot;size&quot;:&quot;&quot;,&quot;sizes&quot;:[]},&quot;cards_row_gap_mobile&quot;:{&quot;unit&quot;:&quot;px&quot;,&quot;size&quot;:&quot;&quot;,&quot;sizes&quot;:[]}}\" data-widget_type=\"posts.cards\">\n\t\t\t\t<div class=\"elementor-widget-container\">\n\t\t\t\t\t\t\t<div class=\"elementor-posts-container elementor-posts elementor-posts--skin-cards elementor-grid\" role=\"list\">\n\t\t\t\t<article class=\"elementor-post elementor-grid-item post-1478 post type-post status-publish format-standard hentry category-genel-en\" role=\"listitem\">\n\t\t\t<div class=\"elementor-post__card\">\n\t\t\t\t<div class=\"elementor-post__text\">\n\t\t\t\t<h3 class=\"elementor-post__title\">\n\t\t\t<a href=\"https:\/\/pediascop.com\/mainpage\/en\/innovative-healthcare-technologies-in-child-health\/\" >\n\t\t\t\tInnovative Healthcare Technologies in Child Health\t\t\t<\/a>\n\t\t<\/h3>\n\t\t\t\t<div class=\"elementor-post__excerpt\">\n\t\t\t<p>Innovative Healthcare Technologies in Child Health Modern technology is bringing revolutionary changes to the field of child health. Innovative healthcare technologies play a crucial role in the early diagnosis of diseases, improving treatment processes, and enhancing the overall quality of healthcare services. But what are these innovative technologies, and how do they impact child health?<\/p>\n\t\t<\/div>\n\t\t\n\t\t<a class=\"elementor-post__read-more\" href=\"https:\/\/pediascop.com\/mainpage\/en\/innovative-healthcare-technologies-in-child-health\/\" aria-label=\"Read more about Innovative Healthcare Technologies in Child Health\" tabindex=\"-1\" >\n\t\t\tDevam\u0131n\u0131 oku \u00bb\t\t<\/a>\n\n\t\t\t\t<\/div>\n\t\t\t\t<div class=\"elementor-post__meta-data\">\n\t\t\t\t\t<span class=\"elementor-post-date\">\n\t\t\tEkim 1, 2025\t\t<\/span>\n\t\t\t\t<\/div>\n\t\t\t\t\t<\/div>\n\t\t<\/article>\n\t\t\t\t<article class=\"elementor-post elementor-grid-item post-445 post type-post status-publish format-standard hentry category-uncategorized\" role=\"listitem\">\n\t\t\t<div class=\"elementor-post__card\">\n\t\t\t\t<div class=\"elementor-post__text\">\n\t\t\t\t<h3 class=\"elementor-post__title\">\n\t\t\t<a href=\"https:\/\/pediascop.com\/mainpage\/cocuk-sagliginda-yenilikci-saglik-teknolojileri\/\" >\n\t\t\t\t\u00c7ocuk Sa\u011fl\u0131\u011f\u0131nda Yenilik\u00e7i Sa\u011fl\u0131k Teknolojileri\t\t\t<\/a>\n\t\t<\/h3>\n\t\t\t\t<div class=\"elementor-post__excerpt\">\n\t\t\t<p>\u00c7ocuk Sa\u011fl\u0131\u011f\u0131nda Yenilik\u00e7i Sa\u011fl\u0131k Teknolojileri G\u00fcn\u00fcm\u00fcz teknolojisi, \u00e7ocuk sa\u011fl\u0131\u011f\u0131 alan\u0131nda devrim niteli\u011finde de\u011fi\u015fiklikler getiriyor. Yenilik\u00e7i sa\u011fl\u0131k teknolojileri, hastal\u0131klar\u0131n erken te\u015fhisi, tedavi s\u00fcre\u00e7lerinin iyile\u015ftirilmesi ve genel sa\u011fl\u0131k hizmetlerinin kalitesinin art\u0131r\u0131lmas\u0131nda \u00f6nemli rol oynuyor. Peki, bu yenilik\u00e7i teknolojiler nelerdir ve \u00e7ocuk sa\u011fl\u0131\u011f\u0131n\u0131 nas\u0131l etkiler?<\/p>\n\t\t<\/div>\n\t\t\n\t\t<a class=\"elementor-post__read-more\" href=\"https:\/\/pediascop.com\/mainpage\/cocuk-sagliginda-yenilikci-saglik-teknolojileri\/\" aria-label=\"Read more about \u00c7ocuk Sa\u011fl\u0131\u011f\u0131nda Yenilik\u00e7i Sa\u011fl\u0131k Teknolojileri\" tabindex=\"-1\" >\n\t\t\tDevam\u0131n\u0131 oku \u00bb\t\t<\/a>\n\n\t\t\t\t<\/div>\n\t\t\t\t<div class=\"elementor-post__meta-data\">\n\t\t\t\t\t<span class=\"elementor-post-date\">\n\t\t\tTemmuz 1, 2025\t\t<\/span>\n\t\t\t\t<\/div>\n\t\t\t\t\t<\/div>\n\t\t<\/article>\n\t\t\t\t<article class=\"elementor-post elementor-grid-item post-439 post type-post status-publish format-standard hentry category-uncategorized\" role=\"listitem\">\n\t\t\t<div class=\"elementor-post__card\">\n\t\t\t\t<div class=\"elementor-post__text\">\n\t\t\t\t<h3 class=\"elementor-post__title\">\n\t\t\t<a href=\"https:\/\/pediascop.com\/mainpage\/yenidogan-bakimi-ilk-gunler-icin-ipuclari\/\" >\n\t\t\t\tYenido\u011fan Bak\u0131m\u0131: \u0130lk G\u00fcnler \u0130\u00e7in \u0130pu\u00e7lar\u0131\t\t\t<\/a>\n\t\t<\/h3>\n\t\t\t\t<div class=\"elementor-post__excerpt\">\n\t\t\t<p>Yenido\u011fan Bak\u0131m\u0131: \u0130lk G\u00fcnler \u0130\u00e7in \u0130pu\u00e7lar\u0131 Yeni bir bebe\u011fin geli\u015fi, ebeveynler i\u00e7in hem heyecan verici hem de biraz \u00fcrk\u00fct\u00fcc\u00fc olabilir. Yenido\u011fan bebeklerin bak\u0131m\u0131nda dikkat edilmesi gereken birka\u00e7 \u00f6nemli nokta vard\u0131r. \u0130\u015fte yenido\u011fan bak\u0131m\u0131 hakk\u0131nda bilmeniz gerekenler:<\/p>\n\t\t<\/div>\n\t\t\n\t\t<a class=\"elementor-post__read-more\" href=\"https:\/\/pediascop.com\/mainpage\/yenidogan-bakimi-ilk-gunler-icin-ipuclari\/\" aria-label=\"Read more about Yenido\u011fan Bak\u0131m\u0131: \u0130lk G\u00fcnler \u0130\u00e7in \u0130pu\u00e7lar\u0131\" tabindex=\"-1\" >\n\t\t\tDevam\u0131n\u0131 oku \u00bb\t\t<\/a>\n\n\t\t\t\t<\/div>\n\t\t\t\t<div class=\"elementor-post__meta-data\">\n\t\t\t\t\t<span class=\"elementor-post-date\">\n\t\t\tTemmuz 1, 2025\t\t<\/span>\n\t\t\t\t<\/div>\n\t\t\t\t\t<\/div>\n\t\t<\/article>\n\t\t\t\t<article class=\"elementor-post elementor-grid-item post-347 post type-post status-publish format-standard hentry category-uncategorized\" role=\"listitem\">\n\t\t\t<div class=\"elementor-post__card\">\n\t\t\t\t<div class=\"elementor-post__text\">\n\t\t\t\t<h3 class=\"elementor-post__title\">\n\t\t\t<a href=\"https:\/\/pediascop.com\/mainpage\/akilli-bebek-kuvezleri-gelecegin-bebek-bakimi\/\" >\n\t\t\t\tAk\u0131ll\u0131 Bebek K\u00fcvezleri:      Gelece\u011fin Bebek Bak\u0131m\u0131\t\t\t<\/a>\n\t\t<\/h3>\n\t\t\t\t<div class=\"elementor-post__excerpt\">\n\t\t\t<p>Ak\u0131ll\u0131 Bebek K\u00fcvezleri: Gelece\u011fin Bebek Bak\u0131m\u0131 Modern teknoloji, bebek bak\u0131m\u0131nda devrim yaratmaya devam ediyor. Ak\u0131ll\u0131 bebek k\u00fcvezleri, yenilik\u00e7i \u00f6zellikleri ve kullan\u0131m avantajlar\u0131 ile ebeveynlerin hayat\u0131n\u0131 kolayla\u015ft\u0131r\u0131yor ve bebeklerin g\u00fcvenli\u011fini sa\u011fl\u0131yor. Peki, bu ak\u0131ll\u0131 k\u00fcvezler nas\u0131l \u00e7al\u0131\u015f\u0131yor ve neden bu kadar \u00f6nemli?<\/p>\n\t\t<\/div>\n\t\t\n\t\t<a class=\"elementor-post__read-more\" href=\"https:\/\/pediascop.com\/mainpage\/akilli-bebek-kuvezleri-gelecegin-bebek-bakimi\/\" aria-label=\"Read more about Ak\u0131ll\u0131 Bebek K\u00fcvezleri:      Gelece\u011fin Bebek Bak\u0131m\u0131\" tabindex=\"-1\" >\n\t\t\tDevam\u0131n\u0131 oku \u00bb\t\t<\/a>\n\n\t\t\t\t<\/div>\n\t\t\t\t<div class=\"elementor-post__meta-data\">\n\t\t\t\t\t<span class=\"elementor-post-date\">\n\t\t\tHaziran 29, 2025\t\t<\/span>\n\t\t\t\t<\/div>\n\t\t\t\t\t<\/div>\n\t\t<\/article>\n\t\t\t\t<\/div>\n\t\t\n\t\t\t\t\t\t<\/div>\n\t\t\t\t<\/div>\n\t\t\t\t\t<\/div>\n\t\t\t\t<\/div>\n\t\t\t\t<\/div>\n\t\t","protected":false},"excerpt":{"rendered":"","protected":false},"author":1,"featured_media":0,"parent":0,"menu_order":0,"comment_status":"closed","ping_status":"closed","template":"","meta":{"solace_meta_sidebar":"","solace_meta_container":"","solace_meta_enable_content_width":"","solace_meta_content_width":0,"solace_meta_title_alignment":"","solace_meta_author_avatar":"","solace_post_elements_order":"","solace_meta_disable_header":"","solace_meta_disable_footer":"","solace_meta_disable_title":"","footnotes":""},"class_list":["post-286","page","type-page","status-publish","hentry"],"_links":{"self":[{"href":"https:\/\/pediascop.com\/mainpage\/wp-json\/wp\/v2\/pages\/286","targetHints":{"allow":["GET"]}}],"collection":[{"href":"https:\/\/pediascop.com\/mainpage\/wp-json\/wp\/v2\/pages"}],"about":[{"href":"https:\/\/pediascop.com\/mainpage\/wp-json\/wp\/v2\/types\/page"}],"author":[{"embeddable":true,"href":"https:\/\/pediascop.com\/mainpage\/wp-json\/wp\/v2\/users\/1"}],"replies":[{"embeddable":true,"href":"https:\/\/pediascop.com\/mainpage\/wp-json\/wp\/v2\/comments?post=286"}],"version-history":[{"count":11,"href":"https:\/\/pediascop.com\/mainpage\/wp-json\/wp\/v2\/pages\/286\/revisions"}],"predecessor-version":[{"id":1113,"href":"https:\/\/pediascop.com\/mainpage\/wp-json\/wp\/v2\/pages\/286\/revisions\/1113"}],"wp:attachment":[{"href":"https:\/\/pediascop.com\/mainpage\/wp-json\/wp\/v2\/media?parent=286"}],"curies":[{"name":"wp","href":"https:\/\/api.w.org\/{rel}","templated":true}]}}