{"id":469,"date":"2025-07-01T00:35:40","date_gmt":"2025-06-30T21:35:40","guid":{"rendered":"https:\/\/pediascop.com\/mainpage\/?page_id=469"},"modified":"2025-10-01T21:54:39","modified_gmt":"2025-10-01T18:54:39","slug":"sss","status":"publish","type":"page","link":"https:\/\/pediascop.com\/mainpage\/sss\/","title":{"rendered":"S.S.S."},"content":{"rendered":"\t\t<div data-elementor-type=\"wp-page\" data-elementor-id=\"469\" class=\"elementor elementor-469\" data-elementor-post-type=\"page\">\n\t\t\t\t<div class=\"elementor-element elementor-element-4c7269bb e-flex e-con-boxed e-con e-parent\" data-id=\"4c7269bb\" data-element_type=\"container\" data-e-type=\"container\">\n\t\t\t\t\t<div class=\"e-con-inner\">\n\t\t\t\t<div class=\"elementor-element elementor-element-3d6d5615 elementor-widget elementor-widget-text-editor\" data-id=\"3d6d5615\" data-element_type=\"widget\" data-e-type=\"widget\" data-widget_type=\"text-editor.default\">\n\t\t\t\t<div class=\"elementor-widget-container\">\n\t\t\t\t\t\t\t\t\t\n<h2 class=\"wp-block-heading\"><strong>S\u0131k\u00e7a Sorulan Sorular<\/strong><\/h2>\n\n<ul class=\"wp-block-list has-medium-font-size\">\n<li><strong>Pediascop nedir ve hangi hizmetleri sunar?<\/strong>\n<ul class=\"wp-block-list\">\n<li>Pediascop, yenido\u011fan yo\u011fun bak\u0131m \u00fcniteleri i\u00e7in yapay zeka destekli ak\u0131ll\u0131 takip sistemleri geli\u015ftiren bir sa\u011fl\u0131k teknolojileri \u015firketidir. Bebeklerin sa\u011fl\u0131k durumlar\u0131n\u0131 anl\u0131k olarak izleyen ve erken m\u00fcdahale imkan\u0131 sunan yenilik\u00e7i \u00e7\u00f6z\u00fcmler sunuyoruz.<\/li>\n<\/ul>\n<\/li>\n\n<li><strong>Pediascop sistemleri nas\u0131l \u00e7al\u0131\u015f\u0131r?<\/strong>\n<ul class=\"wp-block-list\">\n<li>Pediascop, geli\u015fmi\u015f sens\u00f6rler ve yapay zeka algoritmalar\u0131 kullanarak yenido\u011fanlar\u0131n hayati belirtilerini takip eder. Anormal durumlar\u0131 erken tespit ederek sa\u011fl\u0131k profesyonellerine ger\u00e7ek zamanl\u0131 uyar\u0131lar g\u00f6nderir.<\/li>\n<\/ul>\n<\/li>\n\n<li><strong>Pediascop cihazlar\u0131 hangi hastanelerde kullan\u0131labilir?<\/strong>\n<ul class=\"wp-block-list\">\n<li>Pediascop sistemleri, yenido\u011fan yo\u011fun bak\u0131m \u00fcniteleri, \u00f6zel klinikler ve ara\u015ft\u0131rma merkezleri gibi sa\u011fl\u0131k kurulu\u015flar\u0131nda kullan\u0131labilir.<\/li>\n<\/ul>\n<\/li>\n\n<li><strong>Pediascop\u2019un sa\u011flad\u0131\u011f\u0131 avantajlar nelerdir?<\/strong>\n<ul class=\"wp-block-list\">\n<li>Pediascop, bebeklerde erken te\u015fhis ve m\u00fcdahale imkan\u0131 sunarak sa\u011fl\u0131k sonu\u00e7lar\u0131n\u0131 iyile\u015ftirir. Ayr\u0131ca sa\u011fl\u0131k profesyonellerinin i\u015f y\u00fck\u00fcn\u00fc azaltarak daha verimli bir \u00e7al\u0131\u015fma ortam\u0131 sa\u011flar.<\/li>\n<\/ul>\n<\/li>\n\n<li><strong>Pediascop cihazlar\u0131n\u0131n do\u011fruluk oran\u0131 nedir?<\/strong>\n<ul class=\"wp-block-list\">\n<li>Pediascop cihazlar\u0131, klinik testlerden ge\u00e7irilmi\u015f ve y\u00fcksek do\u011fruluk oran\u0131na sahip yapay zeka algoritmalar\u0131 ile donat\u0131lm\u0131\u015ft\u0131r. S\u00fcrekli geli\u015ftirilen sistemlerimiz, uluslararas\u0131 sa\u011fl\u0131k standartlar\u0131na uygun olarak \u00e7al\u0131\u015fmaktad\u0131r.<\/li>\n<\/ul>\n<\/li>\n\n<li><strong>Pediascop cihazlar\u0131n\u0131n kurulumu nas\u0131l yap\u0131l\u0131r?<\/strong>\n<ul class=\"wp-block-list\">\n<li>Kurulum, teknik ekibimiz taraf\u0131ndan yap\u0131lmakta olup, hastane altyap\u0131s\u0131na kolayca entegre edilebilmektedir. Ayr\u0131ca kullan\u0131c\u0131 dostu aray\u00fcz\u00fc sayesinde sa\u011fl\u0131k personeli k\u0131sa s\u00fcrede sisteme adapte olabilir.<\/li>\n<\/ul>\n<\/li>\n\n<li><strong>Sisteminiz hasta verilerini nas\u0131l koruyor?<\/strong>\n<ul class=\"wp-block-list\">\n<li>Pediascop, hasta gizlili\u011fini en \u00fcst seviyede tutarak t\u00fcm verileri \u015fifreli ve g\u00fcvenli sunucularda saklar. Sistemimiz, <strong>HIPAA (Health Insurance Portability and Accountability Act) ve KVKK (Ki\u015fisel Verileri Koruma Kanunu)<\/strong> gibi uluslararas\u0131 gizlilik standartlar\u0131na uygun \u00e7al\u0131\u015fmaktad\u0131r.<\/li>\n<\/ul>\n<\/li>\n\n<li><strong>Pediascop\u2019u nas\u0131l sat\u0131n alabilir veya kiralayabilirim?<\/strong>\n<ul class=\"wp-block-list\">\n<li>Sat\u0131n alma veya kiralama se\u00e7enekleri i\u00e7in bizimle ileti\u015fime ge\u00e7ebilirsiniz. \u00d6zel ihtiya\u00e7lar\u0131n\u0131za g\u00f6re en uygun \u00e7\u00f6z\u00fcmleri sunmak i\u00e7in sat\u0131\u015f ekibimizle detayl\u0131 g\u00f6r\u00fc\u015fme sa\u011flayabilirsiniz.<\/li>\n<\/ul>\n<\/li>\n\n<li><strong>Pediascop kullan\u0131m\u0131 i\u00e7in e\u011fitim veriyor musunuz?<\/strong>\n<ul class=\"wp-block-list\">\n<li>Evet! Kurulum sonras\u0131 sa\u011fl\u0131k personeline kapsaml\u0131 bir e\u011fitim sunuyoruz. Ayr\u0131ca, s\u00fcrekli destek ekibimizle herhangi bir sorunda yard\u0131mc\u0131 olmaktay\u0131z.<\/li>\n<\/ul>\n<\/li>\n\n<li><strong>Teknik destek veya ar\u0131za durumlar\u0131nda ne yapmal\u0131y\u0131m?<\/strong><\/li>\n<li>7\/24 teknik destek hizmetimiz mevcuttur. Olas\u0131 bir ar\u0131za veya destek ihtiyac\u0131n\u0131zda \u00e7a\u011fr\u0131 merkezimizle ileti\u015fime ge\u00e7ebilir ya da web sitemiz \u00fczerinden destek talebi olu\u015fturabilirsiniz.<\/li>\n<\/ul>\n\n<p>\u00a0<\/p>\n<!-- \/wp:paragraph -->\t\t\t\t\t\t\t\t<\/div>\n\t\t\t\t<\/div>\n\t\t\t\t\t<\/div>\n\t\t\t\t<\/div>\n\t\t\t\t<\/div>\n\t\t","protected":false},"excerpt":{"rendered":"<p>S\u0131k\u00e7a Sorulan Sorular \u00a0<\/p>\n","protected":false},"author":1,"featured_media":0,"parent":0,"menu_order":0,"comment_status":"closed","ping_status":"closed","template":"","meta":{"solace_meta_sidebar":"","solace_meta_container":"","solace_meta_enable_content_width":"","solace_meta_content_width":0,"solace_meta_title_alignment":"","solace_meta_author_avatar":"","solace_post_elements_order":"","solace_meta_disable_header":"","solace_meta_disable_footer":"","solace_meta_disable_title":"","footnotes":""},"class_list":["post-469","page","type-page","status-publish","hentry"],"_links":{"self":[{"href":"https:\/\/pediascop.com\/mainpage\/wp-json\/wp\/v2\/pages\/469","targetHints":{"allow":["GET"]}}],"collection":[{"href":"https:\/\/pediascop.com\/mainpage\/wp-json\/wp\/v2\/pages"}],"about":[{"href":"https:\/\/pediascop.com\/mainpage\/wp-json\/wp\/v2\/types\/page"}],"author":[{"embeddable":true,"href":"https:\/\/pediascop.com\/mainpage\/wp-json\/wp\/v2\/users\/1"}],"replies":[{"embeddable":true,"href":"https:\/\/pediascop.com\/mainpage\/wp-json\/wp\/v2\/comments?post=469"}],"version-history":[{"count":18,"href":"https:\/\/pediascop.com\/mainpage\/wp-json\/wp\/v2\/pages\/469\/revisions"}],"predecessor-version":[{"id":1450,"href":"https:\/\/pediascop.com\/mainpage\/wp-json\/wp\/v2\/pages\/469\/revisions\/1450"}],"wp:attachment":[{"href":"https:\/\/pediascop.com\/mainpage\/wp-json\/wp\/v2\/media?parent=469"}],"curies":[{"name":"wp","href":"https:\/\/api.w.org\/{rel}","templated":true}]}}