{"id":48,"date":"2025-01-29T20:56:10","date_gmt":"2025-01-29T20:56:10","guid":{"rendered":"https:\/\/pediascop.com\/mainpage\/urunler\/"},"modified":"2025-10-03T21:56:26","modified_gmt":"2025-10-03T18:56:26","slug":"urunler","status":"publish","type":"page","link":"https:\/\/pediascop.com\/mainpage\/urunler\/","title":{"rendered":"\u00dcr\u00fcnler"},"content":{"rendered":"\t\t<div data-elementor-type=\"wp-page\" data-elementor-id=\"48\" class=\"elementor elementor-48\" data-elementor-post-type=\"page\">\n\t\t\t\t<div class=\"elementor-element elementor-element-b501a50 e-flex e-con-boxed e-con e-parent\" data-id=\"b501a50\" data-element_type=\"container\" data-e-type=\"container\">\n\t\t\t\t\t<div class=\"e-con-inner\">\n\t\t\t\t<div class=\"elementor-element elementor-element-235901f elementor--h-position-center elementor--v-position-middle elementor-arrows-position-inside elementor-pagination-position-inside elementor-widget elementor-widget-slides\" data-id=\"235901f\" data-element_type=\"widget\" data-e-type=\"widget\" data-settings=\"{&quot;navigation&quot;:&quot;both&quot;,&quot;autoplay&quot;:&quot;yes&quot;,&quot;pause_on_hover&quot;:&quot;yes&quot;,&quot;pause_on_interaction&quot;:&quot;yes&quot;,&quot;autoplay_speed&quot;:5000,&quot;infinite&quot;:&quot;yes&quot;,&quot;transition&quot;:&quot;slide&quot;,&quot;transition_speed&quot;:500}\" data-widget_type=\"slides.default\">\n\t\t\t\t<div class=\"elementor-widget-container\">\n\t\t\t\t\t\t\t\t\t<div class=\"elementor-swiper\">\n\t\t\t\t\t<div class=\"elementor-slides-wrapper elementor-main-swiper swiper\" role=\"region\" aria-roledescription=\"carousel\" aria-label=\"Slides\" dir=\"ltr\" data-animation=\"fadeInUp\">\n\t\t\t\t<div class=\"swiper-wrapper elementor-slides\">\n\t\t\t\t\t\t\t\t\t\t<div class=\"elementor-repeater-item-95b376d swiper-slide\" role=\"group\" aria-roledescription=\"slide\"><div class=\"swiper-slide-bg\" role=\"img\"><\/div><div class=\"swiper-slide-inner\" ><div class=\"swiper-slide-contents\"><div class=\"elementor-slide-heading\">Ak\u0131ll\u0131 Bebek K\u00fcvezi<\/div><div class=\"elementor-slide-description\">\u00c7ok yak\u0131nda...<\/div><\/div><\/div><\/div>\t\t\t\t<\/div>\n\t\t\t\t\t\t\t<\/div>\n\t\t\t\t<\/div>\n\t\t\t\t\t\t\t\t<\/div>\n\t\t\t\t<\/div>\n\t\t\t\t\t<\/div>\n\t\t\t\t<\/div>\n\t\t<div class=\"elementor-element elementor-element-6dd7128 e-flex e-con-boxed e-con e-parent\" data-id=\"6dd7128\" data-element_type=\"container\" data-e-type=\"container\">\n\t\t\t\t\t<div class=\"e-con-inner\">\n\t\t\t\t<div class=\"elementor-element elementor-element-9203380 elementor-widget elementor-widget-heading\" data-id=\"9203380\" data-element_type=\"widget\" data-e-type=\"widget\" data-widget_type=\"heading.default\">\n\t\t\t\t<div class=\"elementor-widget-container\">\n\t\t\t\t\t<h2 class=\"elementor-heading-title elementor-size-default\">Ak\u0131ll\u0131 Bebek K\u00fcvezi<\/h2>\t\t\t\t<\/div>\n\t\t\t\t<\/div>\n\t\t\t\t<div class=\"elementor-element elementor-element-10b5976 elementor-widget elementor-widget-text-editor\" data-id=\"10b5976\" data-element_type=\"widget\" data-e-type=\"widget\" data-widget_type=\"text-editor.default\">\n\t\t\t\t<div class=\"elementor-widget-container\">\n\t\t\t\t\t\t\t\t\t<div class=\"elementor-element elementor-element-3e832ec e-con-full e-flex e-con e-child\" data-id=\"3e832ec\" data-element_type=\"container\"><div class=\"elementor-element elementor-element-50d9ce6 elementor-widget elementor-widget-text-editor\" data-id=\"50d9ce6\" data-element_type=\"widget\" data-widget_type=\"text-editor.default\"><div class=\"elementor-widget-container\"><p>Yapay Zeka Destekli Ak\u0131ll\u0131 Yenido\u011fan K\u00fcvezleri, yenido\u011fan bebeklerin sa\u011fl\u0131kl\u0131 ve g\u00fcvenli bir \u015fekilde b\u00fcy\u00fcmesini destekleyen yenilik\u00e7i bir \u00fcr\u00fcnd\u00fcr. Bu ak\u0131ll\u0131 k\u00fcvezler, yapay zeka teknolojisi sayesinde bebe\u011fin ihtiya\u00e7lar\u0131n\u0131 anl\u0131k olarak takip eder ve otomatik olarak ayarlamalar yaparak en uygun ortam\u0131 sa\u011flar. Is\u0131, nem ve oksijen seviyelerini s\u00fcrekli olarak izleyerek bebe\u011fin konforunu ve sa\u011fl\u0131\u011f\u0131n\u0131 en \u00fcst d\u00fczeyde tutar. Ayr\u0131ca, entegre monit\u00f6rler sayesinde ebeveynler bebe\u011fin durumunu uzaktan takip edebilir. Bu yenilik\u00e7i k\u00fcvezler, yenido\u011fan bak\u0131m\u0131nda devrim niteli\u011finde bir \u00e7\u00f6z\u00fcm sunarak bebeklerin sa\u011fl\u0131kl\u0131 bir \u015fekilde b\u00fcy\u00fcmesine katk\u0131da bulunur.<\/p><\/div><\/div><\/div><div class=\"elementor-element elementor-element-c90bce4 e-con-full e-flex e-con e-child\" data-id=\"c90bce4\" data-element_type=\"container\"><div class=\"elementor-element elementor-element-05e028d elementor-widget elementor-widget-image\" data-id=\"05e028d\" data-element_type=\"widget\" data-widget_type=\"image.default\"><div class=\"elementor-widget-container\">\u00a0<\/div><\/div><\/div>\t\t\t\t\t\t\t\t<\/div>\n\t\t\t\t<\/div>\n\t\t\t\t<div class=\"elementor-element elementor-element-ad48c5d elementor-align-left elementor-widget elementor-widget-button\" data-id=\"ad48c5d\" data-element_type=\"widget\" data-e-type=\"widget\" data-widget_type=\"button.default\">\n\t\t\t\t<div class=\"elementor-widget-container\">\n\t\t\t\t\t\t\t\t\t<div class=\"elementor-button-wrapper\">\n\t\t\t\t\t<a class=\"elementor-button elementor-button-link elementor-size-sm\" href=\"\/mainpage\/siparis\">\n\t\t\t\t\t\t<span class=\"elementor-button-content-wrapper\">\n\t\t\t\t\t\t\t\t\t<span class=\"elementor-button-text\">\u00d6n Sipari\u015f i\u00e7in Ba\u015fvur<\/span>\n\t\t\t\t\t<\/span>\n\t\t\t\t\t<\/a>\n\t\t\t\t<\/div>\n\t\t\t\t\t\t\t\t<\/div>\n\t\t\t\t<\/div>\n\t\t\t\t\t<\/div>\n\t\t\t\t<\/div>\n\t\t<div class=\"elementor-element elementor-element-c49a239 e-flex e-con-boxed e-con e-parent\" data-id=\"c49a239\" data-element_type=\"container\" data-e-type=\"container\">\n\t\t\t\t\t<div class=\"e-con-inner\">\n\t\t\t\t\t<\/div>\n\t\t\t\t<\/div>\n\t\t\t\t<\/div>\n\t\t","protected":false},"excerpt":{"rendered":"<p>Ak\u0131ll\u0131 Bebek K\u00fcvezi\u00c7ok yak\u0131nda&#8230; Ak\u0131ll\u0131 Bebek K\u00fcvezi Yapay Zeka Destekli Ak\u0131ll\u0131 Yenido\u011fan K\u00fcvezleri, yenido\u011fan bebeklerin sa\u011fl\u0131kl\u0131 ve g\u00fcvenli bir \u015fekilde b\u00fcy\u00fcmesini destekleyen yenilik\u00e7i bir \u00fcr\u00fcnd\u00fcr. Bu ak\u0131ll\u0131 k\u00fcvezler, yapay zeka teknolojisi sayesinde bebe\u011fin ihtiya\u00e7lar\u0131n\u0131 anl\u0131k olarak takip eder ve otomatik olarak ayarlamalar yaparak en uygun ortam\u0131 sa\u011flar. Is\u0131, nem ve oksijen seviyelerini s\u00fcrekli olarak izleyerek<\/p>\n","protected":false},"author":1,"featured_media":0,"parent":0,"menu_order":0,"comment_status":"closed","ping_status":"closed","template":"","meta":{"solace_meta_sidebar":"","solace_meta_container":"","solace_meta_enable_content_width":"","solace_meta_content_width":0,"solace_meta_title_alignment":"","solace_meta_author_avatar":"","solace_post_elements_order":"","solace_meta_disable_header":"","solace_meta_disable_footer":"","solace_meta_disable_title":"","footnotes":""},"class_list":["post-48","page","type-page","status-publish","hentry"],"_links":{"self":[{"href":"https:\/\/pediascop.com\/mainpage\/wp-json\/wp\/v2\/pages\/48","targetHints":{"allow":["GET"]}}],"collection":[{"href":"https:\/\/pediascop.com\/mainpage\/wp-json\/wp\/v2\/pages"}],"about":[{"href":"https:\/\/pediascop.com\/mainpage\/wp-json\/wp\/v2\/types\/page"}],"author":[{"embeddable":true,"href":"https:\/\/pediascop.com\/mainpage\/wp-json\/wp\/v2\/users\/1"}],"replies":[{"embeddable":true,"href":"https:\/\/pediascop.com\/mainpage\/wp-json\/wp\/v2\/comments?post=48"}],"version-history":[{"count":13,"href":"https:\/\/pediascop.com\/mainpage\/wp-json\/wp\/v2\/pages\/48\/revisions"}],"predecessor-version":[{"id":1515,"href":"https:\/\/pediascop.com\/mainpage\/wp-json\/wp\/v2\/pages\/48\/revisions\/1515"}],"wp:attachment":[{"href":"https:\/\/pediascop.com\/mainpage\/wp-json\/wp\/v2\/media?parent=48"}],"curies":[{"name":"wp","href":"https:\/\/api.w.org\/{rel}","templated":true}]}}