{"id":50,"date":"2025-01-29T20:56:12","date_gmt":"2025-01-29T20:56:12","guid":{"rendered":"https:\/\/pediascop.com\/mainpage\/hakkimizda\/"},"modified":"2025-07-11T12:41:09","modified_gmt":"2025-07-11T09:41:09","slug":"hakkimizda","status":"publish","type":"page","link":"https:\/\/pediascop.com\/mainpage\/hakkimizda\/","title":{"rendered":"Hakk\u0131m\u0131zda"},"content":{"rendered":"\t\t<div data-elementor-type=\"wp-page\" data-elementor-id=\"50\" class=\"elementor elementor-50\" data-elementor-post-type=\"page\">\n\t\t\t\t<div class=\"elementor-element elementor-element-7194238 e-flex e-con-boxed e-con e-parent\" data-id=\"7194238\" data-element_type=\"container\" data-e-type=\"container\">\n\t\t\t\t\t<div class=\"e-con-inner\">\n\t\t\t\t<div class=\"elementor-element elementor-element-32ea334 elementor-widget__width-inherit elementor-widget elementor-widget-heading\" data-id=\"32ea334\" data-element_type=\"widget\" data-e-type=\"widget\" data-widget_type=\"heading.default\">\n\t\t\t\t<div class=\"elementor-widget-container\">\n\t\t\t\t\t<h1 class=\"elementor-heading-title elementor-size-default\">Hakk\u0131m\u0131zda<\/h1>\t\t\t\t<\/div>\n\t\t\t\t<\/div>\n\t\t\t\t<div class=\"elementor-element elementor-element-2e33041 elementor-widget elementor-widget-text-editor\" data-id=\"2e33041\" data-element_type=\"widget\" data-e-type=\"widget\" data-widget_type=\"text-editor.default\">\n\t\t\t\t<div class=\"elementor-widget-container\">\n\t\t\t\t\t\t\t\t\t<p>Pediascop Sa\u011fl\u0131k Anonim \u015eirketi, sa\u011fl\u0131k alan\u0131nda inovatif \u00e7\u00f6z\u00fcmler geli\u015ftiren bir teknoloji<br \/>\u015firketidir. 2024 y\u0131l\u0131n\u0131n Ekim ay\u0131nda Teknopol \u0130stanbul&#8217;da kurulan \u015firketimiz, T\u00dcB\u0130TAK BIGG<br \/>deste\u011fi ile faaliyetlerine ba\u015flam\u0131\u015ft\u0131r. Yaz\u0131l\u0131m, donan\u0131m ve sa\u011fl\u0131k hizmetlerini bir araya getirerek<br \/>sa\u011fl\u0131k sekt\u00f6r\u00fcne y\u00f6nelik ileri teknoloji \u00e7\u00f6z\u00fcmler sunuyoruz.<\/p>\n<p><!-- \/wp:paragraph --><!-- wp:paragraph {\"align\":\"left\"} --><\/p>\n<p>Pediascop, \u00f6zellikle yenido\u011fan bebekler olmak \u00fczere \u00e7ocuk sa\u011fl\u0131\u011f\u0131 alan\u0131nda yenilik\u00e7i<br \/>t\u0131bbi cihazlar ve yapay zeka destekli yaz\u0131l\u0131mlar geli\u015ftirerek sa\u011fl\u0131k profesyonellerine ve bireysel<br \/>kullan\u0131c\u0131lara g\u00fcvenilir, etkili ve eri\u015filebilir \u00e7\u00f6z\u00fcmler sunmay\u0131 hedeflemektedir. Geli\u015ftirdi\u011fimiz<br \/>\u00fcr\u00fcnler aras\u0131nda, yenido\u011fan yo\u011fun bak\u0131mdaki bebeklere, evde ve hastanedeki \u00e7ocuklara, ya\u015fl\u0131<br \/>veya evde bak\u0131ma ihtiya\u00e7 duyan hastalara y\u00f6nelik yapay zeka destekli g\u00f6r\u00fcnt\u00fc i\u015fleme cihazlar\u0131<br \/>yer almaktad\u0131r.<\/p>\n<p><!-- \/wp:paragraph --><!-- wp:paragraph {\"align\":\"left\",\"style\":{\"layout\":{\"selfStretch\":\"fit\",\"flexSize\":null}}} --><\/p>\n<p>\u015eirketimizin kurucusu ve genel m\u00fcd\u00fcr\u00fc Tahir Ayd\u0131n, \u00c7ocuk Sa\u011fl\u0131\u011f\u0131 ve Hastal\u0131klar\u0131<br \/>Uzman\u0131 olup, sa\u011fl\u0131k teknolojileri ve yapay zeka alan\u0131nda \u00f6nemli \u00e7al\u0131\u015fmalara imza atmaktad\u0131r.<br \/>Pediascop ekibi, sa\u011fl\u0131k, yaz\u0131l\u0131m ve m\u00fchendislik alanlar\u0131nda uzman profesyonellerden<br \/>olu\u015fmaktad\u0131r.<\/p>\n<p><!-- \/wp:paragraph --><!-- wp:paragraph {\"align\":\"left\"} --><\/p>\n<p>Sa\u011fl\u0131kta dijital d\u00f6n\u00fc\u015f\u00fcme \u00f6nc\u00fcl\u00fck etmeyi hedef edinen Pediascop, hasta bak\u0131m\u0131n\u0131<br \/>iyile\u015ftiren, sa\u011fl\u0131k \u00e7al\u0131\u015fanlar\u0131n\u0131n i\u015f y\u00fck\u00fcn\u00fc azaltan ve tan\u0131 s\u00fcre\u00e7lerini h\u0131zland\u0131ran yenilik\u00e7i<br \/>teknolojiler geli\u015ftirmeye devam etmektedir.<\/p>\t\t\t\t\t\t\t\t<\/div>\n\t\t\t\t<\/div>\n\t\t\t\t<div class=\"elementor-element elementor-element-9479a21 elementor-widget elementor-widget-text-editor\" data-id=\"9479a21\" data-element_type=\"widget\" data-e-type=\"widget\" data-widget_type=\"text-editor.default\">\n\t\t\t\t<div class=\"elementor-widget-container\">\n\t\t\t\t\t\t\t\t\t<p>Tahir Ayd\u0131n<\/p>\n<p>Genel M\u00fcd\u00fcr<\/p>\t\t\t\t\t\t\t\t<\/div>\n\t\t\t\t<\/div>\n\t\t\t\t\t<\/div>\n\t\t\t\t<\/div>\n\t\t\t\t<\/div>\n\t\t","protected":false},"excerpt":{"rendered":"<p>Hakk\u0131m\u0131zda Pediascop Sa\u011fl\u0131k Anonim \u015eirketi, sa\u011fl\u0131k alan\u0131nda inovatif \u00e7\u00f6z\u00fcmler geli\u015ftiren bir teknoloji\u015firketidir. 2024 y\u0131l\u0131n\u0131n Ekim ay\u0131nda Teknopol \u0130stanbul&#8217;da kurulan \u015firketimiz, T\u00dcB\u0130TAK BIGGdeste\u011fi ile faaliyetlerine ba\u015flam\u0131\u015ft\u0131r. Yaz\u0131l\u0131m, donan\u0131m ve sa\u011fl\u0131k hizmetlerini bir araya getirereksa\u011fl\u0131k sekt\u00f6r\u00fcne y\u00f6nelik ileri teknoloji \u00e7\u00f6z\u00fcmler sunuyoruz. Pediascop, \u00f6zellikle yenido\u011fan bebekler olmak \u00fczere \u00e7ocuk sa\u011fl\u0131\u011f\u0131 alan\u0131nda yenilik\u00e7it\u0131bbi cihazlar ve yapay zeka destekli yaz\u0131l\u0131mlar<\/p>\n","protected":false},"author":1,"featured_media":0,"parent":0,"menu_order":0,"comment_status":"closed","ping_status":"closed","template":"","meta":{"solace_meta_sidebar":"","solace_meta_container":"","solace_meta_enable_content_width":"","solace_meta_content_width":0,"solace_meta_title_alignment":"","solace_meta_author_avatar":"","solace_post_elements_order":"","solace_meta_disable_header":"","solace_meta_disable_footer":"","solace_meta_disable_title":"","footnotes":""},"class_list":["post-50","page","type-page","status-publish","hentry"],"_links":{"self":[{"href":"https:\/\/pediascop.com\/mainpage\/wp-json\/wp\/v2\/pages\/50","targetHints":{"allow":["GET"]}}],"collection":[{"href":"https:\/\/pediascop.com\/mainpage\/wp-json\/wp\/v2\/pages"}],"about":[{"href":"https:\/\/pediascop.com\/mainpage\/wp-json\/wp\/v2\/types\/page"}],"author":[{"embeddable":true,"href":"https:\/\/pediascop.com\/mainpage\/wp-json\/wp\/v2\/users\/1"}],"replies":[{"embeddable":true,"href":"https:\/\/pediascop.com\/mainpage\/wp-json\/wp\/v2\/comments?post=50"}],"version-history":[{"count":34,"href":"https:\/\/pediascop.com\/mainpage\/wp-json\/wp\/v2\/pages\/50\/revisions"}],"predecessor-version":[{"id":1127,"href":"https:\/\/pediascop.com\/mainpage\/wp-json\/wp\/v2\/pages\/50\/revisions\/1127"}],"wp:attachment":[{"href":"https:\/\/pediascop.com\/mainpage\/wp-json\/wp\/v2\/media?parent=50"}],"curies":[{"name":"wp","href":"https:\/\/api.w.org\/{rel}","templated":true}]}}