{"id":509,"date":"2025-07-01T23:52:15","date_gmt":"2025-07-01T20:52:15","guid":{"rendered":"https:\/\/pediascop.com\/mainpage\/home\/"},"modified":"2025-10-01T21:18:12","modified_gmt":"2025-10-01T18:18:12","slug":"home","status":"publish","type":"page","link":"https:\/\/pediascop.com\/mainpage\/","title":{"rendered":"Home"},"content":{"rendered":"\t\t<div data-elementor-type=\"wp-page\" data-elementor-id=\"509\" class=\"elementor elementor-509\" data-elementor-post-type=\"page\">\n\t\t\t\t<div class=\"elementor-element elementor-element-94205a2 e-flex e-con-boxed e-con e-parent\" data-id=\"94205a2\" data-element_type=\"container\" data-e-type=\"container\">\n\t\t\t\t\t<div class=\"e-con-inner\">\n\t\t<div class=\"elementor-element elementor-element-7afde82 e-con-full animated-fast e-flex e-con e-child\" data-id=\"7afde82\" data-element_type=\"container\" data-e-type=\"container\" data-settings=\"{&quot;animation&quot;:&quot;none&quot;}\">\n\t\t\t\t<div class=\"elementor-element elementor-element-97d88fb animated-fast elementor-widget-mobile__width-inherit elementor-invisible elementor-widget elementor-widget-heading\" data-id=\"97d88fb\" data-element_type=\"widget\" data-e-type=\"widget\" data-settings=\"{&quot;_animation&quot;:&quot;fadeInDown&quot;,&quot;_animation_delay&quot;:0}\" data-widget_type=\"heading.default\">\n\t\t\t\t<div class=\"elementor-widget-container\">\n\t\t\t\t\t<h1 class=\"elementor-heading-title elementor-size-default\">Yenido\u011fanlar\u0131n Sa\u011fl\u0131\u011f\u0131n\u0131 Pediascop ile Koruyun<\/h1>\t\t\t\t<\/div>\n\t\t\t\t<\/div>\n\t\t\t\t<div class=\"elementor-element elementor-element-d07f986 animated-fast elementor-invisible elementor-widget elementor-widget-text-editor\" data-id=\"d07f986\" data-element_type=\"widget\" data-e-type=\"widget\" data-settings=\"{&quot;_animation&quot;:&quot;fadeInDown&quot;,&quot;_animation_delay&quot;:200}\" data-widget_type=\"text-editor.default\">\n\t\t\t\t<div class=\"elementor-widget-container\">\n\t\t\t\t\t\t\t\t\t<p>Pediascop Ak\u0131ll\u0131 K\u00fcvezleri ile yenido\u011fanlar\u0131n sa\u011fl\u0131\u011f\u0131n\u0131 her an her yerden takip edin<\/p>\t\t\t\t\t\t\t\t<\/div>\n\t\t\t\t<\/div>\n\t\t<div class=\"elementor-element elementor-element-acebfbc e-con-full animated-fast e-flex elementor-invisible e-con e-child\" data-id=\"acebfbc\" data-element_type=\"container\" data-e-type=\"container\" data-settings=\"{&quot;animation&quot;:&quot;fadeInUp&quot;}\">\n\t\t\t\t<div class=\"elementor-element elementor-element-803b9e3 elementor-widget elementor-widget-button\" data-id=\"803b9e3\" data-element_type=\"widget\" data-e-type=\"widget\" data-widget_type=\"button.default\">\n\t\t\t\t<div class=\"elementor-widget-container\">\n\t\t\t\t\t\t\t\t\t<div class=\"elementor-button-wrapper\">\n\t\t\t\t\t<a class=\"elementor-button elementor-button-link elementor-size-sm\" href=\"https:\/\/pediascop.com\/mainpage\/urunler\/\">\n\t\t\t\t\t\t<span class=\"elementor-button-content-wrapper\">\n\t\t\t\t\t\t\t\t\t<span class=\"elementor-button-text\">\u00dcr\u00fcnler<\/span>\n\t\t\t\t\t<\/span>\n\t\t\t\t\t<\/a>\n\t\t\t\t<\/div>\n\t\t\t\t\t\t\t\t<\/div>\n\t\t\t\t<\/div>\n\t\t\t\t<div class=\"elementor-element elementor-element-d9ca65e elementor-widget elementor-widget-button\" data-id=\"d9ca65e\" data-element_type=\"widget\" data-e-type=\"widget\" data-widget_type=\"button.default\">\n\t\t\t\t<div class=\"elementor-widget-container\">\n\t\t\t\t\t\t\t\t\t<div class=\"elementor-button-wrapper\">\n\t\t\t\t\t<a class=\"elementor-button elementor-button-link elementor-size-sm\" href=\"https:\/\/pediascop.com\/mainpage\/iletisim\/\">\n\t\t\t\t\t\t<span class=\"elementor-button-content-wrapper\">\n\t\t\t\t\t\t\t\t\t<span class=\"elementor-button-text\">Bize Ula\u015f<\/span>\n\t\t\t\t\t<\/span>\n\t\t\t\t\t<\/a>\n\t\t\t\t<\/div>\n\t\t\t\t\t\t\t\t<\/div>\n\t\t\t\t<\/div>\n\t\t\t\t<\/div>\n\t\t\t\t<\/div>\n\t\t\t\t<div class=\"elementor-element elementor-element-e96e406 elementor-widget__width-inherit animated-fast elementor-invisible elementor-widget elementor-widget-image\" data-id=\"e96e406\" data-element_type=\"widget\" data-e-type=\"widget\" data-settings=\"{&quot;_animation&quot;:&quot;fadeInDown&quot;,&quot;_animation_delay&quot;:150}\" data-widget_type=\"image.default\">\n\t\t\t\t<div class=\"elementor-widget-container\">\n\t\t\t\t\t\t\t\t\t\t\t\t\t\t\t<img fetchpriority=\"high\" decoding=\"async\" width=\"1024\" height=\"1024\" src=\"https:\/\/pediascop.com\/mainpage\/wp-content\/uploads\/2025\/07\/cd792805-353f-42ac-8e2e-a2bf9bee2eb7.webp\" class=\"attachment-full size-full wp-image-971\" alt=\"\" srcset=\"https:\/\/pediascop.com\/mainpage\/wp-content\/uploads\/2025\/07\/cd792805-353f-42ac-8e2e-a2bf9bee2eb7.webp 1024w, https:\/\/pediascop.com\/mainpage\/wp-content\/uploads\/2025\/07\/cd792805-353f-42ac-8e2e-a2bf9bee2eb7-300x300.webp 300w, https:\/\/pediascop.com\/mainpage\/wp-content\/uploads\/2025\/07\/cd792805-353f-42ac-8e2e-a2bf9bee2eb7-150x150.webp 150w, https:\/\/pediascop.com\/mainpage\/wp-content\/uploads\/2025\/07\/cd792805-353f-42ac-8e2e-a2bf9bee2eb7-768x768.webp 768w\" sizes=\"(max-width: 1024px) 100vw, 1024px\" \/>\t\t\t\t\t\t\t\t\t\t\t\t\t\t\t<\/div>\n\t\t\t\t<\/div>\n\t\t\t\t\t<\/div>\n\t\t\t\t<\/div>\n\t\t<div class=\"elementor-element elementor-element-26994f4 animated-fast e-flex e-con-boxed elementor-invisible e-con e-parent\" data-id=\"26994f4\" data-element_type=\"container\" data-e-type=\"container\" data-settings=\"{&quot;background_background&quot;:&quot;gradient&quot;,&quot;shape_divider_top&quot;:&quot;opacity-tilt&quot;,&quot;shape_divider_bottom&quot;:&quot;opacity-tilt&quot;,&quot;animation&quot;:&quot;fadeInUp&quot;}\">\n\t\t\t\t\t<div class=\"e-con-inner\">\n\t\t\t\t<div class=\"elementor-shape elementor-shape-top\" aria-hidden=\"true\" data-negative=\"false\">\n\t\t\t<svg xmlns=\"http:\/\/www.w3.org\/2000\/svg\" viewBox=\"0 0 2600 131.1\" preserveAspectRatio=\"none\">\n\t<path class=\"elementor-shape-fill\" d=\"M0 0L2600 0 2600 69.1 0 0z\"\/>\n\t<path class=\"elementor-shape-fill\" style=\"opacity:0.5\" d=\"M0 0L2600 0 2600 69.1 0 69.1z\"\/>\n\t<path class=\"elementor-shape-fill\" style=\"opacity:0.25\" d=\"M2600 0L0 0 0 130.1 2600 69.1z\"\/>\n<\/svg>\t\t<\/div>\n\t\t\t\t<div class=\"elementor-shape elementor-shape-bottom\" aria-hidden=\"true\" data-negative=\"false\">\n\t\t\t<svg xmlns=\"http:\/\/www.w3.org\/2000\/svg\" viewBox=\"0 0 2600 131.1\" preserveAspectRatio=\"none\">\n\t<path class=\"elementor-shape-fill\" d=\"M0 0L2600 0 2600 69.1 0 0z\"\/>\n\t<path class=\"elementor-shape-fill\" style=\"opacity:0.5\" d=\"M0 0L2600 0 2600 69.1 0 69.1z\"\/>\n\t<path class=\"elementor-shape-fill\" style=\"opacity:0.25\" d=\"M2600 0L0 0 0 130.1 2600 69.1z\"\/>\n<\/svg>\t\t<\/div>\n\t\t<div class=\"elementor-element elementor-element-10d2f65 e-con-full e-flex e-con e-child\" data-id=\"10d2f65\" data-element_type=\"container\" data-e-type=\"container\">\n\t\t<div class=\"elementor-element elementor-element-3e832ec e-con-full e-flex e-con e-child\" data-id=\"3e832ec\" data-element_type=\"container\" data-e-type=\"container\">\n\t\t\t\t<div class=\"elementor-element elementor-element-4986386 elementor-widget elementor-widget-heading\" data-id=\"4986386\" data-element_type=\"widget\" data-e-type=\"widget\" data-widget_type=\"heading.default\">\n\t\t\t\t<div class=\"elementor-widget-container\">\n\t\t\t\t\t<h2 class=\"elementor-heading-title elementor-size-default\">Yapay Zeka Destekli Ak\u0131ll\u0131 Bebek K\u00fcvezleri<\/h2>\t\t\t\t<\/div>\n\t\t\t\t<\/div>\n\t\t\t\t<div class=\"elementor-element elementor-element-50d9ce6 elementor-widget elementor-widget-text-editor\" data-id=\"50d9ce6\" data-element_type=\"widget\" data-e-type=\"widget\" data-widget_type=\"text-editor.default\">\n\t\t\t\t<div class=\"elementor-widget-container\">\n\t\t\t\t\t\t\t\t\t<p>Yapay Zeka Destekli Ak\u0131ll\u0131 Yenido\u011fan K\u00fcvezleri, yenido\u011fan bebeklerin sa\u011fl\u0131kl\u0131 ve g\u00fcvenli bir \u015fekilde b\u00fcy\u00fcmesini destekleyen yenilik\u00e7i bir \u00fcr\u00fcnd\u00fcr. Bu ak\u0131ll\u0131 k\u00fcvezler, yapay zeka teknolojisi sayesinde bebe\u011fin ihtiya\u00e7lar\u0131n\u0131 anl\u0131k olarak takip eder ve otomatik olarak ayarlamalar yaparak en uygun ortam\u0131 sa\u011flar. Is\u0131, nem ve oksijen seviyelerini s\u00fcrekli olarak izleyerek bebe\u011fin konforunu ve sa\u011fl\u0131\u011f\u0131n\u0131 en \u00fcst d\u00fczeyde tutar. Ayr\u0131ca, entegre monit\u00f6rler sayesinde ebeveynler bebe\u011fin durumunu uzaktan takip edebilir. Bu yenilik\u00e7i k\u00fcvezler, yenido\u011fan bak\u0131m\u0131nda devrim niteli\u011finde bir \u00e7\u00f6z\u00fcm sunarak bebeklerin sa\u011fl\u0131kl\u0131 bir \u015fekilde b\u00fcy\u00fcmesine katk\u0131da bulunur.<\/p>\t\t\t\t\t\t\t\t<\/div>\n\t\t\t\t<\/div>\n\t\t\t\t<\/div>\n\t\t<div class=\"elementor-element elementor-element-c90bce4 e-con-full e-flex e-con e-child\" data-id=\"c90bce4\" data-element_type=\"container\" data-e-type=\"container\">\n\t\t\t\t<div class=\"elementor-element elementor-element-05e028d elementor-widget elementor-widget-image\" data-id=\"05e028d\" data-element_type=\"widget\" data-e-type=\"widget\" data-widget_type=\"image.default\">\n\t\t\t\t<div class=\"elementor-widget-container\">\n\t\t\t\t\t\t\t\t\t\t\t\t\t\t\t<img decoding=\"async\" width=\"640\" height=\"458\" src=\"https:\/\/pediascop.com\/mainpage\/wp-content\/uploads\/2025\/07\/freelance-blogger-working-on-laptop-screen-mockup-2023-11-27-05-14-32-utc-1-1-768x549.jpg\" class=\"attachment-medium_large size-medium_large wp-image-535\" alt=\"\" srcset=\"https:\/\/pediascop.com\/mainpage\/wp-content\/uploads\/2025\/07\/freelance-blogger-working-on-laptop-screen-mockup-2023-11-27-05-14-32-utc-1-1-768x549.jpg 768w, https:\/\/pediascop.com\/mainpage\/wp-content\/uploads\/2025\/07\/freelance-blogger-working-on-laptop-screen-mockup-2023-11-27-05-14-32-utc-1-1.jpg 1800w\" sizes=\"(max-width: 640px) 100vw, 640px\" \/>\t\t\t\t\t\t\t\t\t\t\t\t\t\t\t<\/div>\n\t\t\t\t<\/div>\n\t\t\t\t<\/div>\n\t\t\t\t<\/div>\n\t\t\t\t<div class=\"elementor-element elementor-element-543a4d5 animated-slow elementor-widget__width-inherit elementor-invisible elementor-widget elementor-widget-video\" data-id=\"543a4d5\" data-element_type=\"widget\" data-e-type=\"widget\" data-settings=\"{&quot;youtube_url&quot;:&quot;https:\\\/\\\/www.youtube.com\\\/watch?v=9Oc-LwkkhHA&quot;,&quot;_animation&quot;:&quot;fadeInUp&quot;,&quot;autoplay&quot;:&quot;yes&quot;,&quot;loop&quot;:&quot;yes&quot;,&quot;yt_privacy&quot;:&quot;yes&quot;,&quot;play_on_mobile&quot;:&quot;yes&quot;,&quot;video_type&quot;:&quot;youtube&quot;,&quot;controls&quot;:&quot;yes&quot;}\" data-widget_type=\"video.default\">\n\t\t\t\t<div class=\"elementor-widget-container\">\n\t\t\t\t\t\t\t<div class=\"elementor-wrapper elementor-open-inline\">\n\t\t\t<div class=\"elementor-video\"><\/div>\t\t<\/div>\n\t\t\t\t\t\t<\/div>\n\t\t\t\t<\/div>\n\t\t\t\t\t<\/div>\n\t\t\t\t<\/div>\n\t\t<div class=\"elementor-element elementor-element-fe21b62 e-con-full e-flex e-con e-parent\" data-id=\"fe21b62\" data-element_type=\"container\" data-e-type=\"container\">\n\t\t\t\t<\/div>\n\t\t<div class=\"elementor-element elementor-element-310b69e e-flex e-con-boxed e-con e-parent\" data-id=\"310b69e\" data-element_type=\"container\" data-e-type=\"container\">\n\t\t\t\t\t<div class=\"e-con-inner\">\n\t\t\t\t<div class=\"elementor-element elementor-element-840645f elementor-widget elementor-widget-wp-widget-malihupagescroll2idwidget\" data-id=\"840645f\" data-element_type=\"widget\" data-e-type=\"widget\" data-widget_type=\"wp-widget-malihupagescroll2idwidget.default\">\n\t\t\t\t<div class=\"elementor-widget-container\">\n\t\t\t\t\t<a id=\"haberler\" data-ps2id-target=\"\"><\/a>\t\t\t\t<\/div>\n\t\t\t\t<\/div>\n\t\t\t\t\t<\/div>\n\t\t\t\t<\/div>\n\t\t<div class=\"elementor-element elementor-element-c1fc777 e-flex e-con-boxed e-con e-parent\" data-id=\"c1fc777\" data-element_type=\"container\" data-e-type=\"container\">\n\t\t\t\t\t<div class=\"e-con-inner\">\n\t\t\t\t<div class=\"elementor-element elementor-element-dafd974 elementor-widget elementor-widget-heading\" data-id=\"dafd974\" data-element_type=\"widget\" data-e-type=\"widget\" data-widget_type=\"heading.default\">\n\t\t\t\t<div class=\"elementor-widget-container\">\n\t\t\t\t\t<h1 class=\"elementor-heading-title elementor-size-default\">Haberler<\/h1>\t\t\t\t<\/div>\n\t\t\t\t<\/div>\n\t\t\t\t\t<\/div>\n\t\t\t\t<\/div>\n\t\t<div class=\"elementor-element elementor-element-3f603a4 e-con-full e-flex e-con e-parent\" data-id=\"3f603a4\" data-element_type=\"container\" data-e-type=\"container\">\n\t\t\t\t<div class=\"elementor-element elementor-element-94e23bd animated-fast elementor-grid-3 elementor-grid-tablet-2 elementor-grid-mobile-1 elementor-posts--thumbnail-top elementor-posts--show-avatar elementor-card-shadow-yes elementor-posts__hover-gradient elementor-invisible elementor-widget elementor-widget-posts\" data-id=\"94e23bd\" data-element_type=\"widget\" data-e-type=\"widget\" data-settings=\"{&quot;motion_fx_motion_fx_mouse&quot;:&quot;yes&quot;,&quot;_animation&quot;:&quot;fadeInUp&quot;,&quot;cards_masonry&quot;:&quot;yes&quot;,&quot;cards_columns&quot;:&quot;3&quot;,&quot;cards_columns_tablet&quot;:&quot;2&quot;,&quot;cards_columns_mobile&quot;:&quot;1&quot;,&quot;cards_row_gap&quot;:{&quot;unit&quot;:&quot;px&quot;,&quot;size&quot;:35,&quot;sizes&quot;:[]},&quot;cards_row_gap_tablet&quot;:{&quot;unit&quot;:&quot;px&quot;,&quot;size&quot;:&quot;&quot;,&quot;sizes&quot;:[]},&quot;cards_row_gap_mobile&quot;:{&quot;unit&quot;:&quot;px&quot;,&quot;size&quot;:&quot;&quot;,&quot;sizes&quot;:[]}}\" data-widget_type=\"posts.cards\">\n\t\t\t\t<div class=\"elementor-widget-container\">\n\t\t\t\t\t\t\t<div class=\"elementor-posts-container elementor-posts elementor-posts--skin-cards elementor-grid\" role=\"list\">\n\t\t\t\t<article class=\"elementor-post elementor-grid-item post-1478 post type-post status-publish format-standard hentry category-genel-en\" role=\"listitem\">\n\t\t\t<div class=\"elementor-post__card\">\n\t\t\t\t<div class=\"elementor-post__text\">\n\t\t\t\t<h3 class=\"elementor-post__title\">\n\t\t\t<a href=\"https:\/\/pediascop.com\/mainpage\/en\/innovative-healthcare-technologies-in-child-health\/\" target=&quot;_blank&quot;>\n\t\t\t\tInnovative Healthcare Technologies in Child Health\t\t\t<\/a>\n\t\t<\/h3>\n\t\t\t\t<div class=\"elementor-post__excerpt\">\n\t\t\t<p>Innovative Healthcare Technologies in Child Health Modern technology is bringing revolutionary changes to the field of child health. Innovative healthcare technologies play a crucial role in the early diagnosis of diseases, improving treatment processes, and enhancing the overall quality of healthcare services. But what are these innovative technologies, and how do they impact child health?<\/p>\n\t\t<\/div>\n\t\t\n\t\t<a class=\"elementor-post__read-more\" href=\"https:\/\/pediascop.com\/mainpage\/en\/innovative-healthcare-technologies-in-child-health\/\" aria-label=\"Read more about Innovative Healthcare Technologies in Child Health\" tabindex=\"-1\" target=\"_blank\">\n\t\t\tDevam\u0131n\u0131 oku \u00bb\t\t<\/a>\n\n\t\t\t\t<\/div>\n\t\t\t\t<div class=\"elementor-post__meta-data\">\n\t\t\t\t\t<span class=\"elementor-post-date\">\n\t\t\tEkim 1, 2025\t\t<\/span>\n\t\t\t\t<\/div>\n\t\t\t\t\t<\/div>\n\t\t<\/article>\n\t\t\t\t<article class=\"elementor-post elementor-grid-item post-445 post type-post status-publish format-standard hentry category-uncategorized\" role=\"listitem\">\n\t\t\t<div class=\"elementor-post__card\">\n\t\t\t\t<div class=\"elementor-post__text\">\n\t\t\t\t<h3 class=\"elementor-post__title\">\n\t\t\t<a href=\"https:\/\/pediascop.com\/mainpage\/cocuk-sagliginda-yenilikci-saglik-teknolojileri\/\" target=&quot;_blank&quot;>\n\t\t\t\t\u00c7ocuk Sa\u011fl\u0131\u011f\u0131nda Yenilik\u00e7i Sa\u011fl\u0131k Teknolojileri\t\t\t<\/a>\n\t\t<\/h3>\n\t\t\t\t<div class=\"elementor-post__excerpt\">\n\t\t\t<p>\u00c7ocuk Sa\u011fl\u0131\u011f\u0131nda Yenilik\u00e7i Sa\u011fl\u0131k Teknolojileri G\u00fcn\u00fcm\u00fcz teknolojisi, \u00e7ocuk sa\u011fl\u0131\u011f\u0131 alan\u0131nda devrim niteli\u011finde de\u011fi\u015fiklikler getiriyor. Yenilik\u00e7i sa\u011fl\u0131k teknolojileri, hastal\u0131klar\u0131n erken te\u015fhisi, tedavi s\u00fcre\u00e7lerinin iyile\u015ftirilmesi ve genel sa\u011fl\u0131k hizmetlerinin kalitesinin art\u0131r\u0131lmas\u0131nda \u00f6nemli rol oynuyor. Peki, bu yenilik\u00e7i teknolojiler nelerdir ve \u00e7ocuk sa\u011fl\u0131\u011f\u0131n\u0131 nas\u0131l etkiler?<\/p>\n\t\t<\/div>\n\t\t\n\t\t<a class=\"elementor-post__read-more\" href=\"https:\/\/pediascop.com\/mainpage\/cocuk-sagliginda-yenilikci-saglik-teknolojileri\/\" aria-label=\"Read more about \u00c7ocuk Sa\u011fl\u0131\u011f\u0131nda Yenilik\u00e7i Sa\u011fl\u0131k Teknolojileri\" tabindex=\"-1\" target=\"_blank\">\n\t\t\tDevam\u0131n\u0131 oku \u00bb\t\t<\/a>\n\n\t\t\t\t<\/div>\n\t\t\t\t<div class=\"elementor-post__meta-data\">\n\t\t\t\t\t<span class=\"elementor-post-date\">\n\t\t\tTemmuz 1, 2025\t\t<\/span>\n\t\t\t\t<\/div>\n\t\t\t\t\t<\/div>\n\t\t<\/article>\n\t\t\t\t<article class=\"elementor-post elementor-grid-item post-439 post type-post status-publish format-standard hentry category-uncategorized\" role=\"listitem\">\n\t\t\t<div class=\"elementor-post__card\">\n\t\t\t\t<div class=\"elementor-post__text\">\n\t\t\t\t<h3 class=\"elementor-post__title\">\n\t\t\t<a href=\"https:\/\/pediascop.com\/mainpage\/yenidogan-bakimi-ilk-gunler-icin-ipuclari\/\" target=&quot;_blank&quot;>\n\t\t\t\tYenido\u011fan Bak\u0131m\u0131: \u0130lk G\u00fcnler \u0130\u00e7in \u0130pu\u00e7lar\u0131\t\t\t<\/a>\n\t\t<\/h3>\n\t\t\t\t<div class=\"elementor-post__excerpt\">\n\t\t\t<p>Yenido\u011fan Bak\u0131m\u0131: \u0130lk G\u00fcnler \u0130\u00e7in \u0130pu\u00e7lar\u0131 Yeni bir bebe\u011fin geli\u015fi, ebeveynler i\u00e7in hem heyecan verici hem de biraz \u00fcrk\u00fct\u00fcc\u00fc olabilir. Yenido\u011fan bebeklerin bak\u0131m\u0131nda dikkat edilmesi gereken birka\u00e7 \u00f6nemli nokta vard\u0131r. \u0130\u015fte yenido\u011fan bak\u0131m\u0131 hakk\u0131nda bilmeniz gerekenler:<\/p>\n\t\t<\/div>\n\t\t\n\t\t<a class=\"elementor-post__read-more\" href=\"https:\/\/pediascop.com\/mainpage\/yenidogan-bakimi-ilk-gunler-icin-ipuclari\/\" aria-label=\"Read more about Yenido\u011fan Bak\u0131m\u0131: \u0130lk G\u00fcnler \u0130\u00e7in \u0130pu\u00e7lar\u0131\" tabindex=\"-1\" target=\"_blank\">\n\t\t\tDevam\u0131n\u0131 oku \u00bb\t\t<\/a>\n\n\t\t\t\t<\/div>\n\t\t\t\t<div class=\"elementor-post__meta-data\">\n\t\t\t\t\t<span class=\"elementor-post-date\">\n\t\t\tTemmuz 1, 2025\t\t<\/span>\n\t\t\t\t<\/div>\n\t\t\t\t\t<\/div>\n\t\t<\/article>\n\t\t\t\t<article class=\"elementor-post elementor-grid-item post-347 post type-post status-publish format-standard hentry category-uncategorized\" role=\"listitem\">\n\t\t\t<div class=\"elementor-post__card\">\n\t\t\t\t<div class=\"elementor-post__text\">\n\t\t\t\t<h3 class=\"elementor-post__title\">\n\t\t\t<a href=\"https:\/\/pediascop.com\/mainpage\/akilli-bebek-kuvezleri-gelecegin-bebek-bakimi\/\" target=&quot;_blank&quot;>\n\t\t\t\tAk\u0131ll\u0131 Bebek K\u00fcvezleri:      Gelece\u011fin Bebek Bak\u0131m\u0131\t\t\t<\/a>\n\t\t<\/h3>\n\t\t\t\t<div class=\"elementor-post__excerpt\">\n\t\t\t<p>Ak\u0131ll\u0131 Bebek K\u00fcvezleri: Gelece\u011fin Bebek Bak\u0131m\u0131 Modern teknoloji, bebek bak\u0131m\u0131nda devrim yaratmaya devam ediyor. Ak\u0131ll\u0131 bebek k\u00fcvezleri, yenilik\u00e7i \u00f6zellikleri ve kullan\u0131m avantajlar\u0131 ile ebeveynlerin hayat\u0131n\u0131 kolayla\u015ft\u0131r\u0131yor ve bebeklerin g\u00fcvenli\u011fini sa\u011fl\u0131yor. Peki, bu ak\u0131ll\u0131 k\u00fcvezler nas\u0131l \u00e7al\u0131\u015f\u0131yor ve neden bu kadar \u00f6nemli?<\/p>\n\t\t<\/div>\n\t\t\n\t\t<a class=\"elementor-post__read-more\" href=\"https:\/\/pediascop.com\/mainpage\/akilli-bebek-kuvezleri-gelecegin-bebek-bakimi\/\" aria-label=\"Read more about Ak\u0131ll\u0131 Bebek K\u00fcvezleri:      Gelece\u011fin Bebek Bak\u0131m\u0131\" tabindex=\"-1\" target=\"_blank\">\n\t\t\tDevam\u0131n\u0131 oku \u00bb\t\t<\/a>\n\n\t\t\t\t<\/div>\n\t\t\t\t<div class=\"elementor-post__meta-data\">\n\t\t\t\t\t<span class=\"elementor-post-date\">\n\t\t\tHaziran 29, 2025\t\t<\/span>\n\t\t\t\t<\/div>\n\t\t\t\t\t<\/div>\n\t\t<\/article>\n\t\t\t\t<\/div>\n\t\t\n\t\t\t\t\t\t<\/div>\n\t\t\t\t<\/div>\n\t\t\t\t<\/div>\n\t\t\t\t<\/div>\n\t\t","protected":false},"excerpt":{"rendered":"<p>Yenido\u011fanlar\u0131n Sa\u011fl\u0131\u011f\u0131n\u0131 Pediascop ile Koruyun Pediascop Ak\u0131ll\u0131 K\u00fcvezleri ile yenido\u011fanlar\u0131n sa\u011fl\u0131\u011f\u0131n\u0131 her an her yerden takip edin \u00dcr\u00fcnler Bize Ula\u015f Yapay Zeka Destekli Ak\u0131ll\u0131 Bebek K\u00fcvezleri Yapay Zeka Destekli Ak\u0131ll\u0131 Yenido\u011fan K\u00fcvezleri, yenido\u011fan bebeklerin sa\u011fl\u0131kl\u0131 ve g\u00fcvenli bir \u015fekilde b\u00fcy\u00fcmesini destekleyen yenilik\u00e7i bir \u00fcr\u00fcnd\u00fcr. Bu ak\u0131ll\u0131 k\u00fcvezler, yapay zeka teknolojisi sayesinde bebe\u011fin ihtiya\u00e7lar\u0131n\u0131 anl\u0131k olarak<\/p>\n","protected":false},"author":1,"featured_media":0,"parent":0,"menu_order":0,"comment_status":"closed","ping_status":"closed","template":"","meta":{"solace_meta_sidebar":"","solace_meta_container":"","solace_meta_enable_content_width":"","solace_meta_content_width":0,"solace_meta_title_alignment":"","solace_meta_author_avatar":"","solace_post_elements_order":"","solace_meta_disable_header":"","solace_meta_disable_footer":"","solace_meta_disable_title":"","footnotes":""},"class_list":["post-509","page","type-page","status-publish","hentry"],"_links":{"self":[{"href":"https:\/\/pediascop.com\/mainpage\/wp-json\/wp\/v2\/pages\/509","targetHints":{"allow":["GET"]}}],"collection":[{"href":"https:\/\/pediascop.com\/mainpage\/wp-json\/wp\/v2\/pages"}],"about":[{"href":"https:\/\/pediascop.com\/mainpage\/wp-json\/wp\/v2\/types\/page"}],"author":[{"embeddable":true,"href":"https:\/\/pediascop.com\/mainpage\/wp-json\/wp\/v2\/users\/1"}],"replies":[{"embeddable":true,"href":"https:\/\/pediascop.com\/mainpage\/wp-json\/wp\/v2\/comments?post=509"}],"version-history":[{"count":375,"href":"https:\/\/pediascop.com\/mainpage\/wp-json\/wp\/v2\/pages\/509\/revisions"}],"predecessor-version":[{"id":1400,"href":"https:\/\/pediascop.com\/mainpage\/wp-json\/wp\/v2\/pages\/509\/revisions\/1400"}],"wp:attachment":[{"href":"https:\/\/pediascop.com\/mainpage\/wp-json\/wp\/v2\/media?parent=509"}],"curies":[{"name":"wp","href":"https:\/\/api.w.org\/{rel}","templated":true}]}}